{"id":1201,"date":"2023-05-26T01:06:51","date_gmt":"2023-05-26T01:06:51","guid":{"rendered":"https:\/\/rapidpre.mx\/?page_id=1201"},"modified":"2024-03-19T19:10:19","modified_gmt":"2024-03-19T19:10:19","slug":"nosotros","status":"publish","type":"page","link":"https:\/\/rapidpre.mx\/index.php\/nosotros\/","title":{"rendered":"Nosotros"},"content":{"rendered":"\t\t<div data-elementor-type=\"wp-page\" data-elementor-id=\"1201\" class=\"elementor elementor-1201\">\n\t\t\t\t\t\t\t<div class=\"elementor-element elementor-element-b7d290d e-flex e-con-boxed e-con e-parent\" data-id=\"b7d290d\" data-element_type=\"container\" data-settings=\"{&quot;content_width&quot;:&quot;boxed&quot;}\" data-core-v316-plus=\"true\">\n\t\t\t\t\t<div class=\"e-con-inner\">\n\t\t<div class=\"elementor-element elementor-element-a7727a7 e-con-full e-flex e-con e-child\" data-id=\"a7727a7\" data-element_type=\"container\" data-settings=\"{&quot;content_width&quot;:&quot;full&quot;,&quot;background_background&quot;:&quot;classic&quot;}\">\n\t\t\t\t<div class=\"elementor-element elementor-element-3cff169 elementor-widget__width-initial elementor-invisible elementor-widget elementor-widget-image\" data-id=\"3cff169\" data-element_type=\"widget\" data-settings=\"{&quot;_animation&quot;:&quot;fadeInLeft&quot;}\" data-widget_type=\"image.default\">\n\t\t\t\t<div class=\"elementor-widget-container\">\n\t\t\t<style>\/*! elementor - v3.16.0 - 14-09-2023 *\/\n.elementor-widget-image{text-align:center}.elementor-widget-image a{display:inline-block}.elementor-widget-image a img[src$=\".svg\"]{width:48px}.elementor-widget-image img{vertical-align:middle;display:inline-block}<\/style>\t\t\t\t\t\t\t\t\t\t\t\t<img decoding=\"async\" width=\"780\" height=\"654\" src=\"https:\/\/rapidpre.mx\/wp-content\/uploads\/2023\/05\/1.jpg\" class=\"attachment-large size-large wp-image-1265\" alt=\"\" srcset=\"https:\/\/rapidpre.mx\/wp-content\/uploads\/2023\/05\/1.jpg 940w, https:\/\/rapidpre.mx\/wp-content\/uploads\/2023\/05\/1-300x251.jpg 300w, https:\/\/rapidpre.mx\/wp-content\/uploads\/2023\/05\/1-600x503.jpg 600w\" sizes=\"(max-width: 780px) 100vw, 780px\" \/>\t\t\t\t\t\t\t\t\t\t\t\t\t\t\t<\/div>\n\t\t\t\t<\/div>\n\t\t\t\t<\/div>\n\t\t<div class=\"elementor-element elementor-element-e7f61fe e-con-full e-flex e-con e-child\" data-id=\"e7f61fe\" data-element_type=\"container\" data-settings=\"{&quot;content_width&quot;:&quot;full&quot;}\">\n\t\t\t\t<div class=\"elementor-element elementor-element-de5d53b elementor-widget elementor-widget-text-editor\" data-id=\"de5d53b\" data-element_type=\"widget\" data-widget_type=\"text-editor.default\">\n\t\t\t\t<div class=\"elementor-widget-container\">\n\t\t\t<style>\/*! elementor - v3.16.0 - 14-09-2023 *\/\n.elementor-widget-text-editor.elementor-drop-cap-view-stacked .elementor-drop-cap{background-color:#69727d;color:#fff}.elementor-widget-text-editor.elementor-drop-cap-view-framed .elementor-drop-cap{color:#69727d;border:3px solid;background-color:transparent}.elementor-widget-text-editor:not(.elementor-drop-cap-view-default) .elementor-drop-cap{margin-top:8px}.elementor-widget-text-editor:not(.elementor-drop-cap-view-default) .elementor-drop-cap-letter{width:1em;height:1em}.elementor-widget-text-editor .elementor-drop-cap{float:left;text-align:center;line-height:1;font-size:50px}.elementor-widget-text-editor .elementor-drop-cap-letter{display:inline-block}<\/style>\t\t\t\t<p>\u00bfQui\u00e9nes somos?<\/p>\t\t\t\t\t\t<\/div>\n\t\t\t\t<\/div>\n\t\t\t\t<div class=\"elementor-element elementor-element-a5c75c3 elementor-widget elementor-widget-text-editor\" data-id=\"a5c75c3\" data-element_type=\"widget\" data-widget_type=\"text-editor.default\">\n\t\t\t\t<div class=\"elementor-widget-container\">\n\t\t\t\t\t\t\t<strong>Conoce a RapidPre, tu aliado en presupuestaci\u00f3n, simplificando la estimaci\u00f3n de costos en la construcci\u00f3n.<\/strong>\t\t\t\t\t\t<\/div>\n\t\t\t\t<\/div>\n\t\t\t\t<div class=\"elementor-element elementor-element-fed5fb1 elementor-widget elementor-widget-text-editor\" data-id=\"fed5fb1\" data-element_type=\"widget\" data-widget_type=\"text-editor.default\">\n\t\t\t\t<div class=\"elementor-widget-container\">\n\t\t\t\t\t\t\t<p>En <span style=\"color: #ff0000;\"><strong>RapidPre<\/strong><\/span>\u00a0nos dedicamos a ofrecer una soluci\u00f3n innovadora y eficiente para generar <strong><span style=\"color: #ff0000;\">presupuestos r\u00e1pidos<\/span> <\/strong>y precisos en proyectos de construcci\u00f3n. Nuestra plataforma utiliza par\u00e1metros predefinidos y tecnolog\u00eda avanzada para brindarte resultados confiables y optimizados. Estamos comprometidos con ayudarte a <strong><span style=\"color: #ff0000;\">simplificar el proceso<\/span><\/strong> de estimaci\u00f3n de costos, ahorrar tiempo y maximizar la rentabilidad de tus proyectos.<\/p>\t\t\t\t\t\t<\/div>\n\t\t\t\t<\/div>\n\t\t\t\t<\/div>\n\t\t\t\t\t<\/div>\n\t\t\t\t<\/div>\n\t\t<div class=\"elementor-element elementor-element-624bed6 e-flex e-con-boxed e-con e-parent\" data-id=\"624bed6\" data-element_type=\"container\" data-settings=\"{&quot;background_background&quot;:&quot;classic&quot;,&quot;content_width&quot;:&quot;boxed&quot;}\" data-core-v316-plus=\"true\">\n\t\t\t\t\t<div class=\"e-con-inner\">\n\t\t<div class=\"elementor-element elementor-element-6751cdf e-con-full e-flex e-con e-child\" data-id=\"6751cdf\" data-element_type=\"container\" data-settings=\"{&quot;content_width&quot;:&quot;full&quot;}\">\n\t\t\t\t<div class=\"elementor-element elementor-element-ac1f397 elementor-widget elementor-widget-text-editor\" data-id=\"ac1f397\" data-element_type=\"widget\" data-widget_type=\"text-editor.default\">\n\t\t\t\t<div class=\"elementor-widget-container\">\n\t\t\t\t\t\t\t<p>Nuestro equipo<\/p>\t\t\t\t\t\t<\/div>\n\t\t\t\t<\/div>\n\t\t\t\t<div class=\"elementor-element elementor-element-922100c elementor-widget elementor-widget-text-editor\" data-id=\"922100c\" data-element_type=\"widget\" data-widget_type=\"text-editor.default\">\n\t\t\t\t<div class=\"elementor-widget-container\">\n\t\t\t\t\t\t\t<strong><span style=\"color: #000000;\">Un equipo de expertos en costos y tecnolog\u00eda.<\/span><\/strong>\n<strong><span style=\"color: #000000;\">Combina el conocimiento t\u00e9cnico con la innovaci\u00f3n digital.<\/span><\/strong>\t\t\t\t\t\t<\/div>\n\t\t\t\t<\/div>\n\t\t\t\t<div class=\"elementor-element elementor-element-4d811fe elementor-widget elementor-widget-text-editor\" data-id=\"4d811fe\" data-element_type=\"widget\" data-widget_type=\"text-editor.default\">\n\t\t\t\t<div class=\"elementor-widget-container\">\n\t\t\t\t\t\t\t<p>En <span style=\"color: #ff0000;\"><strong>RapidPre<\/strong><\/span>\u00a0contamos con un equipo diverso y apasionado de profesionales de la construcci\u00f3n y expertos en tecnolog\u00eda. Nuestra combinaci\u00f3n \u00fanica de conocimientos nos permite desarrollar y mejorar constantemente nuestra <strong><span style=\"color: #ff0000;\">herramienta de presupuestaci\u00f3n<\/span><\/strong>\u00a0 \u00a0para satisfacer las necesidades cambiantes de la industria. Estamos comprometidos con brindarte la mejor experiencia y <strong><span style=\"color: #ff0000;\">resultados confiables<\/span><\/strong> en cada proyecto.<\/p>\t\t\t\t\t\t<\/div>\n\t\t\t\t<\/div>\n\t\t\t\t<\/div>\n\t\t<div class=\"elementor-element elementor-element-5f96ceb e-con-full e-flex e-con e-child\" data-id=\"5f96ceb\" data-element_type=\"container\" data-settings=\"{&quot;content_width&quot;:&quot;full&quot;}\">\n\t\t\t\t<div class=\"elementor-element elementor-element-806316e elementor-invisible elementor-widget elementor-widget-image\" data-id=\"806316e\" data-element_type=\"widget\" data-settings=\"{&quot;_animation&quot;:&quot;fadeInRight&quot;}\" data-widget_type=\"image.default\">\n\t\t\t\t<div class=\"elementor-widget-container\">\n\t\t\t\t\t\t\t\t\t\t\t\t\t\t\t<img decoding=\"async\" width=\"780\" height=\"654\" src=\"data:image\/svg+xml;charset=utf-8,%3Csvg xmlns%3D&#039;http%3A%2F%2Fwww.w3.org%2F2000%2Fsvg&#039; viewBox%3D&#039;0 0 940 788&#039;%2F%3E\" class=\"attachment-large size-large wp-image-1267 ld-lazyload\" alt=\"\" data-src=\"https:\/\/rapidpre.mx\/wp-content\/uploads\/2023\/05\/3.jpg\" data-srcset=\"https:\/\/rapidpre.mx\/wp-content\/uploads\/2023\/05\/3.jpg 940w, https:\/\/rapidpre.mx\/wp-content\/uploads\/2023\/05\/3-300x251.jpg 300w, https:\/\/rapidpre.mx\/wp-content\/uploads\/2023\/05\/3-600x503.jpg 600w\" data-sizes=\"(max-width: 780px) 100vw, 780px\" data-aspect=\"1.1928934010152\" \/>\t\t\t\t\t\t\t\t\t\t\t\t\t\t\t<\/div>\n\t\t\t\t<\/div>\n\t\t\t\t<\/div>\n\t\t\t\t\t<\/div>\n\t\t\t\t<\/div>\n\t\t<div class=\"elementor-element elementor-element-59025cf e-flex e-con-boxed e-con e-parent\" data-id=\"59025cf\" data-element_type=\"container\" data-settings=\"{&quot;background_background&quot;:&quot;classic&quot;,&quot;content_width&quot;:&quot;boxed&quot;}\" data-core-v316-plus=\"true\">\n\t\t\t\t\t<div class=\"e-con-inner\">\n\t\t<div class=\"elementor-element elementor-element-5b79ace e-con-full e-flex e-con e-child\" data-id=\"5b79ace\" data-element_type=\"container\" data-settings=\"{&quot;content_width&quot;:&quot;full&quot;}\">\n\t\t\t\t<div class=\"elementor-element elementor-element-f995589 elementor-invisible elementor-widget elementor-widget-image\" data-id=\"f995589\" data-element_type=\"widget\" data-settings=\"{&quot;_animation&quot;:&quot;fadeInLeft&quot;}\" data-widget_type=\"image.default\">\n\t\t\t\t<div class=\"elementor-widget-container\">\n\t\t\t\t\t\t\t\t\t\t\t\t\t\t\t<img decoding=\"async\" width=\"780\" height=\"654\" src=\"data:image\/svg+xml;charset=utf-8,%3Csvg xmlns%3D&#039;http%3A%2F%2Fwww.w3.org%2F2000%2Fsvg&#039; viewBox%3D&#039;0 0 940 788&#039;%2F%3E\" class=\"attachment-large size-large wp-image-1268 ld-lazyload\" alt=\"\" data-src=\"https:\/\/rapidpre.mx\/wp-content\/uploads\/2023\/05\/4.jpg\" data-srcset=\"https:\/\/rapidpre.mx\/wp-content\/uploads\/2023\/05\/4.jpg 940w, https:\/\/rapidpre.mx\/wp-content\/uploads\/2023\/05\/4-300x251.jpg 300w, https:\/\/rapidpre.mx\/wp-content\/uploads\/2023\/05\/4-600x503.jpg 600w\" data-sizes=\"(max-width: 780px) 100vw, 780px\" data-aspect=\"1.1928934010152\" \/>\t\t\t\t\t\t\t\t\t\t\t\t\t\t\t<\/div>\n\t\t\t\t<\/div>\n\t\t\t\t<\/div>\n\t\t<div class=\"elementor-element elementor-element-0b43e2a e-con-full e-flex e-con e-child\" data-id=\"0b43e2a\" data-element_type=\"container\" data-settings=\"{&quot;content_width&quot;:&quot;full&quot;}\">\n\t\t\t\t<div class=\"elementor-element elementor-element-cdfcd42 elementor-widget elementor-widget-text-editor\" data-id=\"cdfcd42\" data-element_type=\"widget\" data-widget_type=\"text-editor.default\">\n\t\t\t\t<div class=\"elementor-widget-container\">\n\t\t\t\t\t\t\t<p>Nuestro Compromiso<\/p>\t\t\t\t\t\t<\/div>\n\t\t\t\t<\/div>\n\t\t\t\t<div class=\"elementor-element elementor-element-a540457 elementor-widget elementor-widget-text-editor\" data-id=\"a540457\" data-element_type=\"widget\" data-widget_type=\"text-editor.default\">\n\t\t\t\t<div class=\"elementor-widget-container\">\n\t\t\t\t\t\t\t<p><strong><span style=\"color: #000000;\">Comprometidos con la excelencia en la presupuestaci\u00f3n.<\/span><\/strong><br \/><strong><span style=\"color: #000000;\">Tu satisfacci\u00f3n y \u00e9xito son nuestra prioridad.<\/span><\/strong><\/p>\t\t\t\t\t\t<\/div>\n\t\t\t\t<\/div>\n\t\t\t\t<div class=\"elementor-element elementor-element-6b184bb elementor-widget elementor-widget-text-editor\" data-id=\"6b184bb\" data-element_type=\"widget\" data-widget_type=\"text-editor.default\">\n\t\t\t\t<div class=\"elementor-widget-container\">\n\t\t\t\t\t\t\t<p>En<span style=\"color: #ff0000;\"><strong> RapidPre <\/strong><\/span>estamos comprometidos con la excelencia en la presupuestaci\u00f3n. Nuestra herramienta est\u00e1 respaldada por un equipo t\u00e9cnico con mucha experiencia para ayudarte a tener la informaci\u00f3n actualizada. Nos enorgullece brindar un <strong><span style=\"color: #ff0000;\">servicio de calidad<\/span><\/strong> y soluciones confiables que ayuden a nuestros usuarios a tomar <strong><span style=\"color: #ff0000;\">decisiones<\/span><\/strong> informadas y <span style=\"color: #ff0000;\"><strong>rentables<\/strong><\/span> en sus proyectos. Tu satisfacci\u00f3n y \u00e9xito son nuestra prioridad.<\/p>\t\t\t\t\t\t<\/div>\n\t\t\t\t<\/div>\n\t\t\t\t<\/div>\n\t\t\t\t\t<\/div>\n\t\t\t\t<\/div>\n\t\t<div class=\"elementor-element elementor-element-e906c4d e-flex e-con-boxed e-con e-parent\" data-id=\"e906c4d\" data-element_type=\"container\" data-settings=\"{&quot;content_width&quot;:&quot;boxed&quot;}\" data-core-v316-plus=\"true\">\n\t\t\t\t\t<div class=\"e-con-inner\">\n\t\t<div class=\"elementor-element elementor-element-03d4dc4 e-con-full e-flex e-con e-child\" data-id=\"03d4dc4\" data-element_type=\"container\" data-settings=\"{&quot;content_width&quot;:&quot;full&quot;}\">\n\t\t\t\t<div class=\"elementor-element elementor-element-8d9b9ac elementor-widget elementor-widget-text-editor\" data-id=\"8d9b9ac\" data-element_type=\"widget\" data-widget_type=\"text-editor.default\">\n\t\t\t\t<div class=\"elementor-widget-container\">\n\t\t\t\t\t\t\t<p>Nuestra Misi\u00f3n<\/p>\t\t\t\t\t\t<\/div>\n\t\t\t\t<\/div>\n\t\t\t\t<div class=\"elementor-element elementor-element-f524aef elementor-widget elementor-widget-text-editor\" data-id=\"f524aef\" data-element_type=\"widget\" data-widget_type=\"text-editor.default\">\n\t\t\t\t<div class=\"elementor-widget-container\">\n\t\t\t\t\t\t\t<p><span style=\"color: #000000;\"><strong>Simplificando la presupuestaci\u00f3n en la construcci\u00f3n. Nuestra misi\u00f3n es agilizar y optimizar tus proyectos.<\/strong><\/span><\/p>\t\t\t\t\t\t<\/div>\n\t\t\t\t<\/div>\n\t\t\t\t<div class=\"elementor-element elementor-element-cf11136 elementor-widget elementor-widget-text-editor\" data-id=\"cf11136\" data-element_type=\"widget\" data-widget_type=\"text-editor.default\">\n\t\t\t\t<div class=\"elementor-widget-container\">\n\t\t\t\t\t\t\t<p>En <span style=\"color: #ff0000;\"><strong>RapidPre<\/strong><\/span>\u00a0nuestra misi\u00f3n es transformar la forma en que se realizan los <span style=\"color: #ff0000;\"><strong>presupuestos<\/strong><\/span> en la industria de la construcci\u00f3n. Nos esforzamos por simplificar y <strong><span style=\"color: #ff0000;\">agilizar el proceso<\/span><\/strong>, brindando a nuestros usuarios una herramienta intuitiva y eficiente que les permite generar presupuestos precisos y detallados en menos tiempo.\u00a0 Queremos ser tu <strong><span style=\"color: #ff0000;\">socio confiable<\/span><\/strong> en la presupuestaci\u00f3n, ayud\u00e1ndote a optimizar tus proyectos y alcanzar el \u00e9xito.<\/p>\t\t\t\t\t\t<\/div>\n\t\t\t\t<\/div>\n\t\t\t\t<\/div>\n\t\t<div class=\"elementor-element elementor-element-64c75ab e-con-full e-flex e-con e-child\" data-id=\"64c75ab\" data-element_type=\"container\" data-settings=\"{&quot;content_width&quot;:&quot;full&quot;}\">\n\t\t\t\t<div class=\"elementor-element elementor-element-1d617e7 elementor-invisible elementor-widget elementor-widget-image\" data-id=\"1d617e7\" data-element_type=\"widget\" data-settings=\"{&quot;_animation&quot;:&quot;fadeInRight&quot;}\" data-widget_type=\"image.default\">\n\t\t\t\t<div class=\"elementor-widget-container\">\n\t\t\t\t\t\t\t\t\t\t\t\t\t\t\t<img decoding=\"async\" width=\"780\" height=\"654\" src=\"data:image\/svg+xml;charset=utf-8,%3Csvg xmlns%3D&#039;http%3A%2F%2Fwww.w3.org%2F2000%2Fsvg&#039; viewBox%3D&#039;0 0 940 788&#039;%2F%3E\" class=\"attachment-large size-large wp-image-1266 ld-lazyload\" alt=\"\" data-src=\"https:\/\/rapidpre.mx\/wp-content\/uploads\/2023\/05\/2.jpg\" data-srcset=\"https:\/\/rapidpre.mx\/wp-content\/uploads\/2023\/05\/2.jpg 940w, https:\/\/rapidpre.mx\/wp-content\/uploads\/2023\/05\/2-300x251.jpg 300w, https:\/\/rapidpre.mx\/wp-content\/uploads\/2023\/05\/2-600x503.jpg 600w\" data-sizes=\"(max-width: 780px) 100vw, 780px\" data-aspect=\"1.1928934010152\" \/>\t\t\t\t\t\t\t\t\t\t\t\t\t\t\t<\/div>\n\t\t\t\t<\/div>\n\t\t\t\t<\/div>\n\t\t\t\t\t<\/div>\n\t\t\t\t<\/div>\n\t\t<div class=\"elementor-element elementor-element-12ed301 e-flex e-con-boxed e-con e-parent\" data-id=\"12ed301\" data-element_type=\"container\" data-settings=\"{&quot;content_width&quot;:&quot;boxed&quot;}\" data-core-v316-plus=\"true\">\n\t\t\t\t\t<div class=\"e-con-inner\">\n\t\t\t\t<div class=\"elementor-element elementor-element-1a0652e elementor-widget elementor-widget-text-editor\" data-id=\"1a0652e\" data-element_type=\"widget\" data-widget_type=\"text-editor.default\">\n\t\t\t\t<div class=\"elementor-widget-container\">\n\t\t\t\t\t\t\t<p>ACTUALIZACI\u00d3N MENSUAL EN 11 REGIONES DEL PA\u00cdS<\/p>\t\t\t\t\t\t<\/div>\n\t\t\t\t<\/div>\n\t\t\t\t\t<\/div>\n\t\t\t\t<\/div>\n\t\t<div class=\"elementor-element elementor-element-b34807d e-flex e-con-boxed e-con e-parent\" data-id=\"b34807d\" data-element_type=\"container\" data-settings=\"{&quot;content_width&quot;:&quot;boxed&quot;}\" data-core-v316-plus=\"true\">\n\t\t\t\t\t<div class=\"e-con-inner\">\n\t\t<div class=\"elementor-element elementor-element-f526659 e-con-full e-flex e-con e-child\" data-id=\"f526659\" data-element_type=\"container\" data-settings=\"{&quot;content_width&quot;:&quot;full&quot;}\">\n\t\t\t\t<\/div>\n\t\t<div class=\"elementor-element elementor-element-91ee37a e-con-full e-flex e-con e-child\" data-id=\"91ee37a\" data-element_type=\"container\" data-settings=\"{&quot;content_width&quot;:&quot;full&quot;}\">\n\t\t\t\t<div class=\"elementor-element elementor-element-77b571a elementor-widget elementor-widget-image\" data-id=\"77b571a\" data-element_type=\"widget\" data-widget_type=\"image.default\">\n\t\t\t\t<div class=\"elementor-widget-container\">\n\t\t\t\t\t\t\t\t\t\t\t\t\t\t\t<img decoding=\"async\" width=\"780\" height=\"439\" src=\"data:image\/svg+xml;charset=utf-8,%3Csvg xmlns%3D&#039;http%3A%2F%2Fwww.w3.org%2F2000%2Fsvg&#039; viewBox%3D&#039;0 0 1024 576&#039;%2F%3E\" class=\"attachment-large size-large wp-image-1941 ld-lazyload\" alt=\"\" data-src=\"https:\/\/rapidpre.mx\/wp-content\/uploads\/2023\/09\/Diseno-sin-titulo-2-1024x576.jpg\" data-srcset=\"https:\/\/rapidpre.mx\/wp-content\/uploads\/2023\/09\/Diseno-sin-titulo-2-1024x576.jpg 1024w, https:\/\/rapidpre.mx\/wp-content\/uploads\/2023\/09\/Diseno-sin-titulo-2-300x169.jpg 300w, https:\/\/rapidpre.mx\/wp-content\/uploads\/2023\/09\/Diseno-sin-titulo-2-1536x864.jpg 1536w, https:\/\/rapidpre.mx\/wp-content\/uploads\/2023\/09\/Diseno-sin-titulo-2-600x338.jpg 600w, https:\/\/rapidpre.mx\/wp-content\/uploads\/2023\/09\/Diseno-sin-titulo-2.jpg 1920w\" data-sizes=\"(max-width: 780px) 100vw, 780px\" data-aspect=\"1.7777777777778\" \/>\t\t\t\t\t\t\t\t\t\t\t\t\t\t\t<\/div>\n\t\t\t\t<\/div>\n\t\t\t\t<\/div>\n\t\t<div class=\"elementor-element elementor-element-1e0b44f e-con-full e-flex e-con e-child\" data-id=\"1e0b44f\" data-element_type=\"container\" data-settings=\"{&quot;content_width&quot;:&quot;full&quot;}\">\n\t\t\t\t<\/div>\n\t\t\t\t\t<\/div>\n\t\t\t\t<\/div>\n\t\t<div class=\"elementor-element elementor-element-495170a e-flex e-con-boxed e-con e-parent\" data-id=\"495170a\" data-element_type=\"container\" data-settings=\"{&quot;content_width&quot;:&quot;boxed&quot;}\" data-core-v316-plus=\"true\">\n\t\t\t\t\t<div class=\"e-con-inner\">\n\t\t\t\t<div class=\"elementor-element elementor-element-bccfb47 elementor-widget elementor-widget-text-editor\" data-id=\"bccfb47\" data-element_type=\"widget\" data-widget_type=\"text-editor.default\">\n\t\t\t\t<div class=\"elementor-widget-container\">\n\t\t\t\t\t\t\t<p>Distribuidores:<\/p>\t\t\t\t\t\t<\/div>\n\t\t\t\t<\/div>\n\t\t\t\t\t<\/div>\n\t\t\t\t<\/div>\n\t\t<div class=\"elementor-element elementor-element-d6f2554 e-flex e-con-boxed e-con e-parent\" data-id=\"d6f2554\" data-element_type=\"container\" data-settings=\"{&quot;content_width&quot;:&quot;boxed&quot;}\" data-core-v316-plus=\"true\">\n\t\t\t\t\t<div class=\"e-con-inner\">\n\t\t<div class=\"elementor-element elementor-element-79f5899 e-flex e-con-boxed e-con e-child\" data-id=\"79f5899\" data-element_type=\"container\" data-settings=\"{&quot;content_width&quot;:&quot;boxed&quot;}\">\n\t\t\t\t\t<div class=\"e-con-inner\">\n\t\t<div class=\"elementor-element elementor-element-b712dd6 e-flex e-con-boxed e-con e-child\" data-id=\"b712dd6\" data-element_type=\"container\" data-settings=\"{&quot;content_width&quot;:&quot;boxed&quot;}\">\n\t\t\t\t\t<div class=\"e-con-inner\">\n\t\t\t\t<div class=\"elementor-element elementor-element-cf3a12e elementor-widget elementor-widget-text-editor\" data-id=\"cf3a12e\" data-element_type=\"widget\" data-widget_type=\"text-editor.default\">\n\t\t\t\t<div class=\"elementor-widget-container\">\n\t\t\t\t\t\t\t<p style=\"text-align: center;\"><span style=\"color: #ff0000;\">Valle de M\u00e9xico<\/span><br \/>Tel. <a href=\"tel:52860101\">52860101<\/a><\/p>\t\t\t\t\t\t<\/div>\n\t\t\t\t<\/div>\n\t\t\t\t\t<\/div>\n\t\t\t\t<\/div>\n\t\t<div class=\"elementor-element elementor-element-85a1eaf e-flex e-con-boxed e-con e-child\" data-id=\"85a1eaf\" data-element_type=\"container\" data-settings=\"{&quot;content_width&quot;:&quot;boxed&quot;}\">\n\t\t\t\t\t<div class=\"e-con-inner\">\n\t\t\t\t<div class=\"elementor-element elementor-element-6d0332a elementor-widget elementor-widget-text-editor\" data-id=\"6d0332a\" data-element_type=\"widget\" data-widget_type=\"text-editor.default\">\n\t\t\t\t<div class=\"elementor-widget-container\">\n\t\t\t\t\t\t\t<p style=\"text-align: center;\"><span style=\"color: #ff0000;\">Guadalajara<\/span><br \/>Tel\u00e9fonos:<a href=\"tel:(33) 31219742,\">(33) 31219742,<\/a> (<a href=\"tel:(33) 36479323\">33) 36479323<\/a>, <a href=\"tel:(33) 31225128\">(33) 31225128<\/a> y <a href=\"http:\/\/Tel:(33) 38558597\" data-wplink-url-error=\"true\">(33) 38558597<\/a><\/p>\t\t\t\t\t\t<\/div>\n\t\t\t\t<\/div>\n\t\t\t\t\t<\/div>\n\t\t\t\t<\/div>\n\t\t<div class=\"elementor-element elementor-element-526b369 e-flex e-con-boxed e-con e-child\" data-id=\"526b369\" data-element_type=\"container\" data-settings=\"{&quot;content_width&quot;:&quot;boxed&quot;}\">\n\t\t\t\t\t<div class=\"e-con-inner\">\n\t\t\t\t<div class=\"elementor-element elementor-element-dc444f4 elementor-widget elementor-widget-text-editor\" data-id=\"dc444f4\" data-element_type=\"widget\" data-widget_type=\"text-editor.default\">\n\t\t\t\t<div class=\"elementor-widget-container\">\n\t\t\t\t\t\t\t<p style=\"text-align: center;\"><span style=\"color: #ff0000;\">Monterrey<\/span><br \/>Tel\u00e9fonos: <a href=\"tel:(81) 83437919\">(81) 83437919<\/a> y <a href=\"tel:(81) 83457919\">(81) 83457919<\/a><\/p>\t\t\t\t\t\t<\/div>\n\t\t\t\t<\/div>\n\t\t\t\t\t<\/div>\n\t\t\t\t<\/div>\n\t\t<div class=\"elementor-element elementor-element-e141748 e-flex e-con-boxed e-con e-child\" data-id=\"e141748\" data-element_type=\"container\" data-settings=\"{&quot;content_width&quot;:&quot;boxed&quot;}\">\n\t\t\t\t\t<div class=\"e-con-inner\">\n\t\t\t\t<div class=\"elementor-element elementor-element-305fe41 elementor-widget elementor-widget-text-editor\" data-id=\"305fe41\" data-element_type=\"widget\" data-widget_type=\"text-editor.default\">\n\t\t\t\t<div class=\"elementor-widget-container\">\n\t\t\t\t\t\t\t<p style=\"text-align: center;\"><span style=\"color: #ff0000;\">San Luis Potos\u00ed<\/span><br \/>Celular: <a href=\"tel:(444) 8668451\">(444) 8668451<\/a><br \/>Tel\u00e9fono: <a href=\"tel:(444) 8418185\">(444) 8418185<\/a><\/p>\t\t\t\t\t\t<\/div>\n\t\t\t\t<\/div>\n\t\t\t\t\t<\/div>\n\t\t\t\t<\/div>\n\t\t<div class=\"elementor-element elementor-element-64edaca e-flex e-con-boxed e-con e-child\" data-id=\"64edaca\" data-element_type=\"container\" data-settings=\"{&quot;content_width&quot;:&quot;boxed&quot;}\">\n\t\t\t\t\t<div class=\"e-con-inner\">\n\t\t\t\t<div class=\"elementor-element elementor-element-fbcee7f elementor-widget elementor-widget-text-editor\" data-id=\"fbcee7f\" data-element_type=\"widget\" data-widget_type=\"text-editor.default\">\n\t\t\t\t<div class=\"elementor-widget-container\">\n\t\t\t\t\t\t\t<p style=\"text-align: center;\"><span style=\"color: #ff0000;\">Chihuahua<\/span><br \/>Tel: <a href=\"tel:6142396228\">614-239-62-28<\/a><\/p>\t\t\t\t\t\t<\/div>\n\t\t\t\t<\/div>\n\t\t\t\t\t<\/div>\n\t\t\t\t<\/div>\n\t\t\t\t\t<\/div>\n\t\t\t\t<\/div>\n\t\t\t\t\t<\/div>\n\t\t\t\t<\/div>\n\t\t\t\t\t\t\t<\/div>\n\t\t","protected":false},"excerpt":{"rendered":"<p>\u00bfQui\u00e9nes somos? Conoce a RapidPre, tu aliado en presupuestaci\u00f3n, simplificando la estimaci\u00f3n de costos en la construcci\u00f3n. En RapidPre\u00a0nos dedicamos a ofrecer una soluci\u00f3n innovadora y eficiente para generar presupuestos r\u00e1pidos y precisos en proyectos de construcci\u00f3n. Nuestra plataforma utiliza par\u00e1metros predefinidos y tecnolog\u00eda avanzada para brindarte resultados confiables y optimizados. Estamos comprometidos con ayudarte [&hellip;]<\/p>\n","protected":false},"author":1,"featured_media":0,"parent":0,"menu_order":0,"comment_status":"closed","ping_status":"closed","template":"","meta":{"footnotes":""},"class_list":["post-1201","page","type-page","status-publish","hentry"],"_links":{"self":[{"href":"https:\/\/rapidpre.mx\/index.php\/wp-json\/wp\/v2\/pages\/1201","targetHints":{"allow":["GET"]}}],"collection":[{"href":"https:\/\/rapidpre.mx\/index.php\/wp-json\/wp\/v2\/pages"}],"about":[{"href":"https:\/\/rapidpre.mx\/index.php\/wp-json\/wp\/v2\/types\/page"}],"author":[{"embeddable":true,"href":"https:\/\/rapidpre.mx\/index.php\/wp-json\/wp\/v2\/users\/1"}],"replies":[{"embeddable":true,"href":"https:\/\/rapidpre.mx\/index.php\/wp-json\/wp\/v2\/comments?post=1201"}],"version-history":[{"count":58,"href":"https:\/\/rapidpre.mx\/index.php\/wp-json\/wp\/v2\/pages\/1201\/revisions"}],"predecessor-version":[{"id":2194,"href":"https:\/\/rapidpre.mx\/index.php\/wp-json\/wp\/v2\/pages\/1201\/revisions\/2194"}],"wp:attachment":[{"href":"https:\/\/rapidpre.mx\/index.php\/wp-json\/wp\/v2\/media?parent=1201"}],"curies":[{"name":"wp","href":"https:\/\/api.w.org\/{rel}","templated":true}]}}